{"id":326,"date":"2025-07-01T12:12:00","date_gmt":"2025-07-01T10:12:00","guid":{"rendered":"https:\/\/fizjobadowski.pl\/?page_id=326"},"modified":"2025-08-18T13:02:40","modified_gmt":"2025-08-18T11:02:40","slug":"terapia-manualna-poznan-zary","status":"publish","type":"page","link":"https:\/\/fizjobadowski.pl\/?page_id=326","title":{"rendered":"Terapia manualna | Terapia manualna \u017bary"},"content":{"rendered":"\t\t<div data-elementor-type=\"wp-page\" data-elementor-id=\"326\" class=\"elementor elementor-326\" data-elementor-post-type=\"page\">\n\t\t\t\t\t\t<section data-particle_enable=\"false\" data-particle-mobile-disabled=\"false\" class=\"elementor-section elementor-top-section elementor-element elementor-element-5513ce1 elementor-section-stretched elementor-section-full_width elementor-section-height-min-height elementor-section-height-default elementor-section-items-middle\" data-id=\"5513ce1\" data-element_type=\"section\" data-settings=\"{&quot;stretch_section&quot;:&quot;section-stretched&quot;,&quot;background_background&quot;:&quot;classic&quot;}\">\n\t\t\t\t\t\t\t<div class=\"elementor-background-overlay\"><\/div>\n\t\t\t\t\t\t\t<div class=\"elementor-container elementor-column-gap-narrow\">\n\t\t\t\t\t<div class=\"elementor-column elementor-col-100 elementor-top-column elementor-element elementor-element-1229e53\" data-id=\"1229e53\" data-element_type=\"column\">\n\t\t\t<div class=\"elementor-widget-wrap elementor-element-populated\">\n\t\t\t\t\t\t<div class=\"elementor-element elementor-element-10fbb23 elementor-widget elementor-widget-spacer\" data-id=\"10fbb23\" data-element_type=\"widget\" data-widget_type=\"spacer.default\">\n\t\t\t\t<div class=\"elementor-widget-container\">\n\t\t\t\t\t\t\t<div class=\"elementor-spacer\">\n\t\t\t<div class=\"elementor-spacer-inner\"><\/div>\n\t\t<\/div>\n\t\t\t\t\t\t<\/div>\n\t\t\t\t<\/div>\n\t\t\t\t<div class=\"elementor-element elementor-element-78404a7 elementor-widget__width-initial elementor-widget-tablet__width-initial elementor-invisible elementor-widget elementor-widget-heading\" data-id=\"78404a7\" data-element_type=\"widget\" data-settings=\"{&quot;_animation&quot;:&quot;slideInUp&quot;,&quot;_animation_delay&quot;:1000}\" data-widget_type=\"heading.default\">\n\t\t\t\t<div class=\"elementor-widget-container\">\n\t\t\t\t\t<h2 class=\"elementor-heading-title elementor-size-default\">Terapia manaulna Pozna\u0144 \u017bary<\/h2>\t\t\t\t<\/div>\n\t\t\t\t<\/div>\n\t\t\t\t<div class=\"elementor-element elementor-element-fe0a872 elementor-widget__width-initial elementor-widget-tablet__width-initial elementor-widget-mobile__width-inherit elementor-invisible elementor-widget elementor-widget-text-editor\" data-id=\"fe0a872\" data-element_type=\"widget\" data-settings=\"{&quot;_animation&quot;:&quot;fadeInUp&quot;,&quot;_animation_delay&quot;:1500}\" data-widget_type=\"text-editor.default\">\n\t\t\t\t<div class=\"elementor-widget-container\">\n\t\t\t\t\t\t\t\t\t<p><span style=\"text-decoration: underline;\"><strong>Masz do\u015b\u0107 b\u00f3lu plec\u00f3w, biodra czy szyi?<\/strong><\/span><\/p><p>Pomog\u0119 Tobie odzyska\u0107 kontrol\u0119 nad w\u0142asnym cia\u0142em \u2013 bez nadwyr\u0119\u017cania i strachu.<\/p>\t\t\t\t\t\t\t\t<\/div>\n\t\t\t\t<\/div>\n\t\t\t\t\t<\/div>\n\t\t<\/div>\n\t\t\t\t\t<\/div>\n\t\t<\/section>\n\t\t<div data-particle_enable=\"false\" data-particle-mobile-disabled=\"false\" class=\"elementor-element elementor-element-2cc8dca e-flex e-con-boxed e-con e-parent\" data-id=\"2cc8dca\" data-element_type=\"container\">\n\t\t\t\t\t<div class=\"e-con-inner\">\n\t\t\t\t<div class=\"elementor-element elementor-element-a151a12 elementor-widget elementor-widget-text-editor\" data-id=\"a151a12\" data-element_type=\"widget\" data-widget_type=\"text-editor.default\">\n\t\t\t\t<div class=\"elementor-widget-container\">\n\t\t\t\t\t\t\t\t\t<h2 data-pm-slice=\"1 1 []\">Terapia manualna Pozna\u0144<\/h2><p>Jedna z podstawowych metod pracy w moim gabinecie. To technika fizjoterapeutyczna oparta na precyzyjnej diagnostyce funkcjonalnej oraz pracy z uk\u0142adem mi\u0119\u015bniowo-szkieletowym \u2014 czyli z tym, co naprawd\u0119 powoduje b\u00f3l i ograniczenia w Twoim ciele. Jej celem jest przywr\u00f3cenie r\u00f3wnowagi, poprawa ruchomo\u015bci i przede wszystkim: <strong data-start=\"687\" data-end=\"742\">zmniejszenie b\u00f3lu bez nadmiernego obci\u0105\u017cania tkanek<\/strong>.<\/p><h3>\ud83d\udd39 Kiedy warto skorzysta\u0107 z terapii manualnej?<\/h3><p data-start=\"802\" data-end=\"853\">Terapia manualna mo\u017ce by\u0107 skuteczna, gdy wyst\u0119puj\u0105:<\/p><ul data-start=\"855\" data-end=\"1217\"><li data-start=\"855\" data-end=\"914\"><p data-start=\"857\" data-end=\"914\"><strong data-start=\"857\" data-end=\"876\">b\u00f3le kr\u0119gos\u0142upa<\/strong> (szyjnego, piersiowego, l\u0119d\u017awiowego),<\/p><\/li><li data-start=\"915\" data-end=\"977\"><p data-start=\"917\" data-end=\"977\"><strong data-start=\"917\" data-end=\"932\">b\u00f3le staw\u00f3w<\/strong> (kolana, biodra, barku, \u0142okcia, nadgarstka),<\/p><\/li><li data-start=\"978\" data-end=\"1053\"><p data-start=\"980\" data-end=\"1053\"><strong data-start=\"980\" data-end=\"1009\">promieniowanie do ko\u0144czyn<\/strong> (np. rwa kulszowa, rwa barkowa, rwa udowa),<\/p><\/li><li data-start=\"1054\" data-end=\"1117\"><p data-start=\"1056\" data-end=\"1117\"><strong data-start=\"1056\" data-end=\"1083\">ograniczenia ruchomo\u015bci<\/strong>, sztywno\u015b\u0107, uczucie \u201eci\u0105gni\u0119cia\u201d,<\/p><\/li><li data-start=\"1118\" data-end=\"1165\"><p data-start=\"1120\" data-end=\"1165\"><strong data-start=\"1120\" data-end=\"1164\">dyskomfort po urazach lub przeci\u0105\u017ceniach<\/strong>,<\/p><\/li><li data-start=\"1166\" data-end=\"1217\"><p data-start=\"1168\" data-end=\"1217\">napi\u0119cia mi\u0119\u015bniowe i trudno\u015bci z poruszaniem si\u0119.<\/p><\/li><\/ul><h3>\ud83d\udd39 Co zyskasz dzi\u0119ki terapii?<\/h3><ul><li data-start=\"1259\" data-end=\"1290\"><p data-start=\"1261\" data-end=\"1290\">szybsze <strong data-start=\"1269\" data-end=\"1289\">z\u0142agodzenie b\u00f3lu<\/strong>,<\/p><\/li><li data-start=\"1291\" data-end=\"1335\"><p data-start=\"1293\" data-end=\"1335\">lepsze <strong data-start=\"1300\" data-end=\"1334\">czucie cia\u0142a i jego mo\u017cliwo\u015bci<\/strong>,<\/p><\/li><li data-start=\"1336\" data-end=\"1382\"><p data-start=\"1338\" data-end=\"1382\">popraw\u0119 ruchomo\u015bci i swobody poruszania si\u0119,<\/p><\/li><li data-start=\"1383\" data-end=\"1428\"><p data-start=\"1385\" data-end=\"1428\">przywr\u00f3cenie <strong data-start=\"1398\" data-end=\"1427\">prawid\u0142owego wzorca ruchu<\/strong>,<\/p><\/li><li data-start=\"1429\" data-end=\"1497\"><p data-start=\"1431\" data-end=\"1497\"><strong data-start=\"1431\" data-end=\"1446\">regeneracj\u0119<\/strong> \u2013 gdy cia\u0142o odzyskuje r\u00f3wnowag\u0119, szybciej si\u0119 goi.<\/p><\/li><\/ul><h3>\ud83d\udccd Przypadek z mojego gabinetu fizjoterapii<\/h3><p data-start=\"1549\" data-end=\"1878\">Kilka dni temu odwiedzi\u0142a mnie 80-letnia pacjentka, kt\u00f3ra przez 3 miesi\u0105ce zmaga\u0142a si\u0119 z silnym b\u00f3lem promieniuj\u0105cym od dolnego odcinka kr\u0119gos\u0142upa do nogi. Mia\u0142a postawion\u0105 diagnoz\u0119: problemy z kr\u0119gos\u0142upem. Po dok\u0142adnym wywiadzie i testach funkcjonalnych okaza\u0142o si\u0119, \u017ce to <strong data-start=\"1823\" data-end=\"1833\">biodro<\/strong>, a nie kr\u0119gos\u0142up, by\u0142o g\u0142\u00f3wnym \u017ar\u00f3d\u0142em b\u00f3lu.<\/p><p data-start=\"1880\" data-end=\"2162\">Ju\u017c po pierwszej sesji terapii manualnej pacjentka z ogromn\u0105 ulg\u0105 stwierdzi\u0142a, \u017ce <strong data-start=\"1962\" data-end=\"1991\">b\u00f3l przesta\u0142 promieniowa\u0107<\/strong>, a ona mog\u0142a zn\u00f3w <strong data-start=\"2010\" data-end=\"2031\">normalnie chodzi\u0107<\/strong>. Jej s\u0142owa: <em data-start=\"2044\" data-end=\"2098\">\u201eJest o niebo lepiej ni\u017c przed wej\u015bciem do gabinetu\u201d<\/em> \u2014 by\u0142y dla mnie najwi\u0119kszym potwierdzeniem skuteczno\u015bci metody.<\/p><p data-start=\"2164\" data-end=\"2269\">Czeka j\u0105 jeszcze troch\u0119 pracy, ale cia\u0142o dosta\u0142o impuls, \u017ceby zn\u00f3w zacz\u0105\u0107 funkcjonowa\u0107 i si\u0119 regenerowa\u0107.<\/p><h3>\ud83d\udeab Kiedy terapia manualna mo\u017ce by\u0107 niewskazana?<\/h3><p data-start=\"2329\" data-end=\"2417\">Cho\u0107 jest to metoda bezpieczna, istniej\u0105 sytuacje, gdy nie zaleca si\u0119 terapii manualnej:<\/p><ul data-start=\"2418\" data-end=\"2740\"><li data-start=\"2418\" data-end=\"2476\"><p data-start=\"2420\" data-end=\"2476\">\u015bwie\u017ce urazy (np. z\u0142amania, skr\u0119cenia bez stabilizacji),<\/p><\/li><li data-start=\"2477\" data-end=\"2530\"><p data-start=\"2479\" data-end=\"2530\">stany zapalne w ostrej fazie (np. zapalenie stawu),<\/p><\/li><li data-start=\"2531\" data-end=\"2559\"><p data-start=\"2533\" data-end=\"2559\">choroby zaka\u017ane, gor\u0105czka,<\/p><\/li><li data-start=\"2560\" data-end=\"2622\"><p data-start=\"2562\" data-end=\"2622\">zaawansowana osteoporoza (pewne techniki mo\u017cna modyfikowa\u0107),<\/p><\/li><li data-start=\"2623\" data-end=\"2669\"><p data-start=\"2625\" data-end=\"2669\">nowotwory w obr\u0119bie uk\u0142adu kostno-stawowego,<\/p><\/li><li data-start=\"2670\" data-end=\"2740\"><p data-start=\"2672\" data-end=\"2740\">niekt\u00f3re schorzenia neurologiczne (po ocenie lekarza lub terapeuty).<\/p><\/li><\/ul><p data-start=\"2742\" data-end=\"2856\">W ka\u017cdym przypadku przeprowadzam <strong data-start=\"2775\" data-end=\"2795\">dok\u0142adn\u0105 analiz\u0119<\/strong>, \u017ceby dopasowa\u0107 technik\u0119 do Twojego stanu zdrowia i potrzeb.<\/p><h3>Praca fizjoterapeuty w gabinecie terapii manualnej<\/h3><p data-start=\"2884\" data-end=\"3155\">Nie stosuj\u0119 schemat\u00f3w. Ka\u017cda terapia zaczyna si\u0119 od rozmowy, test\u00f3w i analizy. \u0141\u0105cz\u0119 wiedz\u0119 z wieloletnim do\u015bwiadczeniem, intuicj\u0105 i podej\u015bciem holistycznym. Celem terapii nie jest tylko zniwelowanie objawu, ale <strong data-start=\"3096\" data-end=\"3121\">znalezienie przyczyny<\/strong>, kt\u00f3ra wywo\u0142a\u0142a napi\u0119cie lub b\u00f3l.<\/p><hr data-start=\"3157\" data-end=\"3160\" \/><p data-start=\"3162\" data-end=\"3334\"><strong>Je\u015bli odczuwasz b\u00f3l, napi\u0119cie lub po prostu co\u015b \u201enie dzia\u0142a\u201d tak, jak powinno \u2013 zapraszam do mojego gabinetu w Poznaniu (ul. Krzywa 5\/1)\u00a0 i w \u017barach (ul. Podwale 12).<\/strong><\/p><p data-start=\"3162\" data-end=\"3334\"><strong>Pomog\u0119 Ci wr\u00f3ci\u0107 do r\u00f3wnowagi.<\/strong><\/p><p>.<\/p>\t\t\t\t\t\t\t\t<\/div>\n\t\t\t\t<\/div>\n\t\t\t\t\t<\/div>\n\t\t\t\t<\/div>\n\t\t\t\t<\/div>\n\t\t","protected":false},"excerpt":{"rendered":"<p>Skuteczna terapia manualna kr\u0119gos\u0142upa i staw\u00f3w \u2013 Pozna\u0144 i \u017bary. Pomagam usuwa\u0107 b\u00f3l, napi\u0119cia i ograniczenia ruchowe. Sprawd\u017a, jak dzia\u0142a terapia manualna oparta na do\u015bwiadczeniu, testach i indywidualnym podej\u015bciu.<\/p>\n","protected":false},"author":1,"featured_media":137,"parent":0,"menu_order":0,"comment_status":"closed","ping_status":"closed","template":"","meta":{"footnotes":""},"class_list":["post-326","page","type-page","status-publish","has-post-thumbnail","hentry"],"rankMath":{"parentDomain":"fizjobadowski.pl","noFollowDomains":[],"noFollowExcludeDomains":[],"noFollowExternalLinks":false,"featuredImageNotice":"Prezentowany obraz powinien mie\u0107 co najmniej 200 na 200 pikseli, aby m\u00f3g\u0142 go pobra\u0107 Facebook i inne serwisy spo\u0142eczno\u015bciowe.","pluginReviewed":false,"postSettings":{"linkSuggestions":true,"useFocusKeyword":false},"frontEndScore":false,"postName":"terapia-manualna-poznan-zary","permalinkFormat":"https:\/\/fizjobadowski.pl\/?page_id=326","showLockModifiedDate":true,"assessor":{"focusKeywordLink":"https:\/\/fizjobadowski.pl\/wp-admin\/edit.php?focus_keyword=%focus_keyword%&post_type=%post_type%","hasTOCPlugin":true,"primaryTaxonomy":false,"serpData":{"title":"Terapia Manualna Pozna\u0144 \u2013 Krzysztof Badowski | ","description":"Skuteczna terapia manualna w Poznaniu i \u017barach u Krzysztofa Badowskiego. Pomagam w b\u00f3lach kr\u0119gos\u0142upa, staw\u00f3w i napi\u0119ciach mi\u0119\u015bniowych. Do\u015bwiadczona opieka, indywidualne podej\u015bcie.","focusKeywords":"terapia manualna pozna\u0144","pillarContent":false,"canonicalUrl":"","breadcrumbTitle":"","advancedRobots":{"max-snippet":"-1","max-video-preview":"-1","max-image-preview":"large"},"facebookTitle":"","facebookDescription":"","facebookImage":"","facebookImageID":"","facebookHasOverlay":false,"facebookImageOverlay":"","facebookAuthor":"","twitterCardType":"","twitterUseFacebook":true,"twitterTitle":"","twitterDescription":"","twitterImage":"","twitterImageID":"","twitterHasOverlay":false,"twitterImageOverlay":"","twitterPlayerUrl":"","twitterPlayerSize":"","twitterPlayerStream":"","twitterPlayerStreamCtype":"","twitterAppDescription":"","twitterAppIphoneName":"","twitterAppIphoneID":"","twitterAppIphoneUrl":"","twitterAppIpadName":"","twitterAppIpadID":"","twitterAppIpadUrl":"","twitterAppGoogleplayName":"","twitterAppGoogleplayID":"","twitterAppGoogleplayUrl":"","twitterAppCountry":"","robots":{"index":true},"twitterAuthor":"u\u017cytkownik","primaryTerm":0,"authorName":"admin-o4ycs35x","titleTemplate":"%title% %sep% %sitename%","descriptionTemplate":"%excerpt%","showScoreFrontend":true,"lockModifiedDate":false},"powerWords":[],"diacritics":{"A":"[\\u0041\\u24B6\\uFF21\\u00C0\\u00C1\\u00C2\\u1EA6\\u1EA4\\u1EAA\\u1EA8\\u00C3\\u0100\\u0102\\u1EB0\\u1EAE\\u1EB4\\u1EB2\\u0226\\u01E0\\u00C4\\u01DE\\u1EA2\\u00C5\\u01FA\\u01CD\\u0200\\u0202\\u1EA0\\u1EAC\\u1EB6\\u1E00\\u0104\\u023A\\u2C6F]","AA":"[\\uA732]","AE":"[\\u00C6\\u01FC\\u01E2]","AO":"[\\uA734]","AU":"[\\uA736]","AV":"[\\uA738\\uA73A]","AY":"[\\uA73C]","B":"[\\u0042\\u24B7\\uFF22\\u1E02\\u1E04\\u1E06\\u0243\\u0182\\u0181]","C":"[\\u0043\\u24B8\\uFF23\\u0106\\u0108\\u010A\\u010C\\u00C7\\u1E08\\u0187\\u023B\\uA73E]","D":"[\\u0044\\u24B9\\uFF24\\u1E0A\\u010E\\u1E0C\\u1E10\\u1E12\\u1E0E\\u0110\\u018B\\u018A\\u0189\\uA779]","DZ":"[\\u01F1\\u01C4]","Dz":"[\\u01F2\\u01C5]","E":"[\\u0045\\u24BA\\uFF25\\u00C8\\u00C9\\u00CA\\u1EC0\\u1EBE\\u1EC4\\u1EC2\\u1EBC\\u0112\\u1E14\\u1E16\\u0114\\u0116\\u00CB\\u1EBA\\u011A\\u0204\\u0206\\u1EB8\\u1EC6\\u0228\\u1E1C\\u0118\\u1E18\\u1E1A\\u0190\\u018E]","F":"[\\u0046\\u24BB\\uFF26\\u1E1E\\u0191\\uA77B]","G":"[\\u0047\\u24BC\\uFF27\\u01F4\\u011C\\u1E20\\u011E\\u0120\\u01E6\\u0122\\u01E4\\u0193\\uA7A0\\uA77D\\uA77E]","H":"[\\u0048\\u24BD\\uFF28\\u0124\\u1E22\\u1E26\\u021E\\u1E24\\u1E28\\u1E2A\\u0126\\u2C67\\u2C75\\uA78D]","I":"[\\u0049\\u24BE\\uFF29\\u00CC\\u00CD\\u00CE\\u0128\\u012A\\u012C\\u0130\\u00CF\\u1E2E\\u1EC8\\u01CF\\u0208\\u020A\\u1ECA\\u012E\\u1E2C\\u0197]","J":"[\\u004A\\u24BF\\uFF2A\\u0134\\u0248]","K":"[\\u004B\\u24C0\\uFF2B\\u1E30\\u01E8\\u1E32\\u0136\\u1E34\\u0198\\u2C69\\uA740\\uA742\\uA744\\uA7A2]","L":"[\\u004C\\u24C1\\uFF2C\\u013F\\u0139\\u013D\\u1E36\\u1E38\\u013B\\u1E3C\\u1E3A\\u0141\\u023D\\u2C62\\u2C60\\uA748\\uA746\\uA780]","LJ":"[\\u01C7]","Lj":"[\\u01C8]","M":"[\\u004D\\u24C2\\uFF2D\\u1E3E\\u1E40\\u1E42\\u2C6E\\u019C]","N":"[\\u004E\\u24C3\\uFF2E\\u01F8\\u0143\\u00D1\\u1E44\\u0147\\u1E46\\u0145\\u1E4A\\u1E48\\u0220\\u019D\\uA790\\uA7A4]","NJ":"[\\u01CA]","Nj":"[\\u01CB]","O":"[\\u004F\\u24C4\\uFF2F\\u00D2\\u00D3\\u00D4\\u1ED2\\u1ED0\\u1ED6\\u1ED4\\u00D5\\u1E4C\\u022C\\u1E4E\\u014C\\u1E50\\u1E52\\u014E\\u022E\\u0230\\u00D6\\u022A\\u1ECE\\u0150\\u01D1\\u020C\\u020E\\u01A0\\u1EDC\\u1EDA\\u1EE0\\u1EDE\\u1EE2\\u1ECC\\u1ED8\\u01EA\\u01EC\\u00D8\\u01FE\\u0186\\u019F\\uA74A\\uA74C]","OI":"[\\u01A2]","OO":"[\\uA74E]","OU":"[\\u0222]","P":"[\\u0050\\u24C5\\uFF30\\u1E54\\u1E56\\u01A4\\u2C63\\uA750\\uA752\\uA754]","Q":"[\\u0051\\u24C6\\uFF31\\uA756\\uA758\\u024A]","R":"[\\u0052\\u24C7\\uFF32\\u0154\\u1E58\\u0158\\u0210\\u0212\\u1E5A\\u1E5C\\u0156\\u1E5E\\u024C\\u2C64\\uA75A\\uA7A6\\uA782]","S":"[\\u0053\\u24C8\\uFF33\\u1E9E\\u015A\\u1E64\\u015C\\u1E60\\u0160\\u1E66\\u1E62\\u1E68\\u0218\\u015E\\u2C7E\\uA7A8\\uA784]","T":"[\\u0054\\u24C9\\uFF34\\u1E6A\\u0164\\u1E6C\\u021A\\u0162\\u1E70\\u1E6E\\u0166\\u01AC\\u01AE\\u023E\\uA786]","TZ":"[\\uA728]","U":"[\\u0055\\u24CA\\uFF35\\u00D9\\u00DA\\u00DB\\u0168\\u1E78\\u016A\\u1E7A\\u016C\\u00DC\\u01DB\\u01D7\\u01D5\\u01D9\\u1EE6\\u016E\\u0170\\u01D3\\u0214\\u0216\\u01AF\\u1EEA\\u1EE8\\u1EEE\\u1EEC\\u1EF0\\u1EE4\\u1E72\\u0172\\u1E76\\u1E74\\u0244]","V":"[\\u0056\\u24CB\\uFF36\\u1E7C\\u1E7E\\u01B2\\uA75E\\u0245]","VY":"[\\uA760]","W":"[\\u0057\\u24CC\\uFF37\\u1E80\\u1E82\\u0174\\u1E86\\u1E84\\u1E88\\u2C72]","X":"[\\u0058\\u24CD\\uFF38\\u1E8A\\u1E8C]","Y":"[\\u0059\\u24CE\\uFF39\\u1EF2\\u00DD\\u0176\\u1EF8\\u0232\\u1E8E\\u0178\\u1EF6\\u1EF4\\u01B3\\u024E\\u1EFE]","Z":"[\\u005A\\u24CF\\uFF3A\\u0179\\u1E90\\u017B\\u017D\\u1E92\\u1E94\\u01B5\\u0224\\u2C7F\\u2C6B\\uA762]","a":"[\\u0061\\u24D0\\uFF41\\u1E9A\\u00E0\\u00E1\\u00E2\\u1EA7\\u1EA5\\u1EAB\\u1EA9\\u00E3\\u0101\\u0103\\u1EB1\\u1EAF\\u1EB5\\u1EB3\\u0227\\u01E1\\u00E4\\u01DF\\u1EA3\\u00E5\\u01FB\\u01CE\\u0201\\u0203\\u1EA1\\u1EAD\\u1EB7\\u1E01\\u0105\\u2C65\\u0250]","aa":"[\\uA733]","ae":"[\\u00E6\\u01FD\\u01E3]","ao":"[\\uA735]","au":"[\\uA737]","av":"[\\uA739\\uA73B]","ay":"[\\uA73D]","b":"[\\u0062\\u24D1\\uFF42\\u1E03\\u1E05\\u1E07\\u0180\\u0183\\u0253]","c":"[\\u0063\\u24D2\\uFF43\\u0107\\u0109\\u010B\\u010D\\u00E7\\u1E09\\u0188\\u023C\\uA73F\\u2184]","d":"[\\u0064\\u24D3\\uFF44\\u1E0B\\u010F\\u1E0D\\u1E11\\u1E13\\u1E0F\\u0111\\u018C\\u0256\\u0257\\uA77A]","dz":"[\\u01F3\\u01C6]","e":"[\\u0065\\u24D4\\uFF45\\u00E8\\u00E9\\u00EA\\u1EC1\\u1EBF\\u1EC5\\u1EC3\\u1EBD\\u0113\\u1E15\\u1E17\\u0115\\u0117\\u00EB\\u1EBB\\u011B\\u0205\\u0207\\u1EB9\\u1EC7\\u0229\\u1E1D\\u0119\\u1E19\\u1E1B\\u0247\\u025B\\u01DD]","f":"[\\u0066\\u24D5\\uFF46\\u1E1F\\u0192\\uA77C]","g":"[\\u0067\\u24D6\\uFF47\\u01F5\\u011D\\u1E21\\u011F\\u0121\\u01E7\\u0123\\u01E5\\u0260\\uA7A1\\u1D79\\uA77F]","h":"[\\u0068\\u24D7\\uFF48\\u0125\\u1E23\\u1E27\\u021F\\u1E25\\u1E29\\u1E2B\\u1E96\\u0127\\u2C68\\u2C76\\u0265]","hv":"[\\u0195]","i":"[\\u0069\\u24D8\\uFF49\\u00EC\\u00ED\\u00EE\\u0129\\u012B\\u012D\\u00EF\\u1E2F\\u1EC9\\u01D0\\u0209\\u020B\\u1ECB\\u012F\\u1E2D\\u0268\\u0131]","j":"[\\u006A\\u24D9\\uFF4A\\u0135\\u01F0\\u0249]","k":"[\\u006B\\u24DA\\uFF4B\\u1E31\\u01E9\\u1E33\\u0137\\u1E35\\u0199\\u2C6A\\uA741\\uA743\\uA745\\uA7A3]","l":"[\\u006C\\u24DB\\uFF4C\\u0140\\u013A\\u013E\\u1E37\\u1E39\\u013C\\u1E3D\\u1E3B\\u017F\\u0142\\u019A\\u026B\\u2C61\\uA749\\uA781\\uA747]","lj":"[\\u01C9]","m":"[\\u006D\\u24DC\\uFF4D\\u1E3F\\u1E41\\u1E43\\u0271\\u026F]","n":"[\\u006E\\u24DD\\uFF4E\\u01F9\\u0144\\u00F1\\u1E45\\u0148\\u1E47\\u0146\\u1E4B\\u1E49\\u019E\\u0272\\u0149\\uA791\\uA7A5]","nj":"[\\u01CC]","o":"[\\u006F\\u24DE\\uFF4F\\u00F2\\u00F3\\u00F4\\u1ED3\\u1ED1\\u1ED7\\u1ED5\\u00F5\\u1E4D\\u022D\\u1E4F\\u014D\\u1E51\\u1E53\\u014F\\u022F\\u0231\\u00F6\\u022B\\u1ECF\\u0151\\u01D2\\u020D\\u020F\\u01A1\\u1EDD\\u1EDB\\u1EE1\\u1EDF\\u1EE3\\u1ECD\\u1ED9\\u01EB\\u01ED\\u00F8\\u01FF\\u0254\\uA74B\\uA74D\\u0275]","oi":"[\\u01A3]","ou":"[\\u0223]","oo":"[\\uA74F]","p":"[\\u0070\\u24DF\\uFF50\\u1E55\\u1E57\\u01A5\\u1D7D\\uA751\\uA753\\uA755]","q":"[\\u0071\\u24E0\\uFF51\\u024B\\uA757\\uA759]","r":"[\\u0072\\u24E1\\uFF52\\u0155\\u1E59\\u0159\\u0211\\u0213\\u1E5B\\u1E5D\\u0157\\u1E5F\\u024D\\u027D\\uA75B\\uA7A7\\uA783]","s":"[\\u0073\\u24E2\\uFF53\\u015B\\u1E65\\u015D\\u1E61\\u0161\\u1E67\\u1E63\\u1E69\\u0219\\u015F\\u023F\\uA7A9\\uA785\\u1E9B]","ss":"[\\u00DF]","t":"[\\u0074\\u24E3\\uFF54\\u1E6B\\u1E97\\u0165\\u1E6D\\u021B\\u0163\\u1E71\\u1E6F\\u0167\\u01AD\\u0288\\u2C66\\uA787]","tz":"[\\uA729]","u":"[\\u0075\\u24E4\\uFF55\\u00F9\\u00FA\\u00FB\\u0169\\u1E79\\u016B\\u1E7B\\u016D\\u00FC\\u01DC\\u01D8\\u01D6\\u01DA\\u1EE7\\u016F\\u0171\\u01D4\\u0215\\u0217\\u01B0\\u1EEB\\u1EE9\\u1EEF\\u1EED\\u1EF1\\u1EE5\\u1E73\\u0173\\u1E77\\u1E75\\u0289]","v":"[\\u0076\\u24E5\\uFF56\\u1E7D\\u1E7F\\u028B\\uA75F\\u028C]","vy":"[\\uA761]","w":"[\\u0077\\u24E6\\uFF57\\u1E81\\u1E83\\u0175\\u1E87\\u1E85\\u1E98\\u1E89\\u2C73]","x":"[\\u0078\\u24E7\\uFF58\\u1E8B\\u1E8D]","y":"[\\u0079\\u24E8\\uFF59\\u1EF3\\u00FD\\u0177\\u1EF9\\u0233\\u1E8F\\u00FF\\u1EF7\\u1E99\\u1EF5\\u01B4\\u024F\\u1EFF]","z":"[\\u007A\\u24E9\\uFF5A\\u017A\\u1E91\\u017C\\u017E\\u1E93\\u1E95\\u01B6\\u0225\\u0240\\u2C6C\\uA763]"},"researchesTests":["contentHasTOC","contentHasShortParagraphs","contentHasAssets","keywordInTitle","keywordInMetaDescription","keywordInPermalink","keywordIn10Percent","keywordInContent","keywordInSubheadings","keywordInImageAlt","keywordDensity","keywordNotUsed","lengthContent","lengthPermalink","linksHasInternal","linksHasExternals","linksNotAllExternals","titleStartWithKeyword","titleSentiment","titleHasPowerWords","titleHasNumber","hasContentAI"],"hasRedirection":false,"hasBreadcrumb":false},"homeUrl":"https:\/\/fizjobadowski.pl","objectID":326,"objectType":"post","locale":"pl","localeFull":"pl_PL","overlayImages":{"play":{"name":"Ikona PLAY","url":"https:\/\/fizjobadowski.pl\/wp-content\/plugins\/seo-by-rank-math\/assets\/admin\/img\/icon-play.png","path":"\/home\/platne\/serwer343609\/public_html\/autoinstalator\/fizjobadowski.pl\/wordpress119083\/wp-content\/plugins\/seo-by-rank-math\/assets\/admin\/img\/icon-play.png","position":"middle_center"},"gif":{"name":"Ikona GIF","url":"https:\/\/fizjobadowski.pl\/wp-content\/plugins\/seo-by-rank-math\/assets\/admin\/img\/icon-gif.png","path":"\/home\/platne\/serwer343609\/public_html\/autoinstalator\/fizjobadowski.pl\/wordpress119083\/wp-content\/plugins\/seo-by-rank-math\/assets\/admin\/img\/icon-gif.png","position":"middle_center"}},"defautOgImage":"https:\/\/fizjobadowski.pl\/wp-content\/plugins\/seo-by-rank-math\/assets\/admin\/img\/social-placeholder.jpg","customPermalinks":false,"isUserRegistered":true,"autoSuggestKeywords":true,"connectSiteUrl":"https:\/\/rankmath.com\/auth?site=https%3A%2F%2Ffizjobadowski.pl&r=https%3A%2F%2Ffizjobadowski.pl%2Findex.php%3Frest_route%3D%252Fwp%252Fv2%252Fpages%252F326%26nonce%3Df73b15c970&pro=1","maxTags":100,"trendsIcon":"<svg viewBox=\"0 0 610 610\"><path d=\"M18.85,446,174.32,290.48l58.08,58.08L76.93,504a14.54,14.54,0,0,1-20.55,0L18.83,466.48a14.54,14.54,0,0,1,0-20.55Z\" style=\"fill:#4285f4\"\/><path d=\"M242.65,242.66,377.59,377.6l-47.75,47.75a14.54,14.54,0,0,1-20.55,0L174.37,290.43l47.75-47.75A14.52,14.52,0,0,1,242.65,242.66Z\" style=\"fill:#ea4335\"\/><polygon points=\"319.53 319.53 479.26 159.8 537.34 217.88 377.61 377.62 319.53 319.53\" style=\"fill:#fabb05\"\/><path d=\"M594.26,262.73V118.61h0a16.94,16.94,0,0,0-16.94-16.94H433.2a16.94,16.94,0,0,0-12,28.92L565.34,274.71h0a16.94,16.94,0,0,0,28.92-12Z\" style=\"fill:#34a853\"\/><rect width=\"610\" height=\"610\" style=\"fill:none\"\/><\/svg>","showScore":true,"siteFavIcon":"https:\/\/fizjobadowski.pl\/wp-content\/uploads\/2025\/05\/FizjoBadowski-8-150x150.png","canUser":{"general":false,"advanced":false,"snippet":false,"social":false,"analysis":false,"analytics":false,"content_ai":false},"showKeywordIntent":true,"isPro":true,"is_front_page":false,"trendsUpgradeLink":"https:\/\/rankmath.com\/pricing\/?utm_source=Plugin&utm_medium=CE%20General%20Tab%20Trends&utm_campaign=WP","trendsUpgradeLabel":"Ulepszenie","trendsPreviewImage":"https:\/\/fizjobadowski.pl\/wp-content\/plugins\/seo-by-rank-math\/assets\/admin\/img\/trends-preview.jpg","currentEditor":false,"homepageData":{"assessor":{"powerWords":[],"diacritics":true,"researchesTests":["contentHasTOC","contentHasShortParagraphs","contentHasAssets","keywordInTitle","keywordInMetaDescription","keywordInPermalink","keywordIn10Percent","keywordInContent","keywordInSubheadings","keywordInImageAlt","keywordDensity","keywordNotUsed","lengthContent","lengthPermalink","linksHasInternal","linksHasExternals","linksNotAllExternals","titleStartWithKeyword","titleSentiment","titleHasPowerWords","titleHasNumber","hasContentAI"],"hasBreadcrumb":false,"serpData":{"title":"%sitename% %page% %sep% %sitedesc%","description":"","titleTemplate":"%sitename% %page% %sep% %sitedesc%","descriptionTemplate":"","focusKeywords":"","breadcrumbTitle":"Home","robots":{"index":true},"advancedRobots":{"max-snippet":"-1","max-video-preview":"-1","max-image-preview":"large"},"facebookTitle":"","facebookDescription":"","facebookImage":"","facebookImageID":""}}},"searchIntents":[],"isAnalyticsConnected":true,"tocTitle":"Table of Contents","tocExcludeHeadings":[],"listStyle":"ul"},"_links":{"self":[{"href":"https:\/\/fizjobadowski.pl\/index.php?rest_route=\/wp\/v2\/pages\/326","targetHints":{"allow":["GET"]}}],"collection":[{"href":"https:\/\/fizjobadowski.pl\/index.php?rest_route=\/wp\/v2\/pages"}],"about":[{"href":"https:\/\/fizjobadowski.pl\/index.php?rest_route=\/wp\/v2\/types\/page"}],"author":[{"embeddable":true,"href":"https:\/\/fizjobadowski.pl\/index.php?rest_route=\/wp\/v2\/users\/1"}],"replies":[{"embeddable":true,"href":"https:\/\/fizjobadowski.pl\/index.php?rest_route=%2Fwp%2Fv2%2Fcomments&post=326"}],"version-history":[{"count":19,"href":"https:\/\/fizjobadowski.pl\/index.php?rest_route=\/wp\/v2\/pages\/326\/revisions"}],"predecessor-version":[{"id":531,"href":"https:\/\/fizjobadowski.pl\/index.php?rest_route=\/wp\/v2\/pages\/326\/revisions\/531"}],"wp:featuredmedia":[{"embeddable":true,"href":"https:\/\/fizjobadowski.pl\/index.php?rest_route=\/wp\/v2\/media\/137"}],"wp:attachment":[{"href":"https:\/\/fizjobadowski.pl\/index.php?rest_route=%2Fwp%2Fv2%2Fmedia&parent=326"}],"curies":[{"name":"wp","href":"https:\/\/api.w.org\/{rel}","templated":true}]}}